{"id":7786,"date":"2018-11-26T17:28:41","date_gmt":"2018-11-26T17:28:41","guid":{"rendered":"http:\/\/ictfiltracion.com\/productos\/precapa-mangas-cartuchos\/"},"modified":"2024-07-15T19:25:05","modified_gmt":"2024-07-15T19:25:05","slug":"pre-coating-for-bags-and-cartridges","status":"publish","type":"page","link":"https:\/\/www.ictfiltracion.com\/en\/products\/pre-coating-for-bags-and-cartridges\/","title":{"rendered":"Pre-coating for bags and cartridges"},"content":{"rendered":"<div class=\"wpb-content-wrapper\"><p>[vc_row full_width=&#8221;stretch_row_content&#8221; wrap_container=&#8221;yes&#8221; content_placement=&#8221;middle&#8221; text_align=&#8221;left&#8221; el_class=&#8221;home-intro&#8221; css=&#8221;.vc_custom_1534510538637{margin-top: 0px !important;padding-top: 55px !important;padding-bottom: 55px !important;}&#8221;][vc_column][vc_column_text el_class=&#8221;m-b-none&#8221;]<\/p>\n<p style=\"max-width: 100% !important;\">PRE-COATING FOR BAGS: ICT FILTRATION PRECap is a product designed to create a pre-coating on filter bags for dust capture, with the exception of filters where the dust retained is to be packed for subsequent sale or goes straight to the production line.<\/p>\n<p style=\"max-width: 100% !important;\">PRE-COATING FOR CARTRIDGES: DUST COATING W is a silicon-based substance with a powdery appearance. It is chemically inert and colourless. The average size of each particle is about 10 nm (1\/100 microns).<\/p>\n<p>[\/vc_column_text][\/vc_column][\/vc_row][vc_row css=&#8221;.vc_custom_1549280189449{margin-top: 50px !important;margin-bottom: 25px !important;}&#8221;][vc_column width=&#8221;1\/2&#8243; css=&#8221;.vc_custom_1553248643750{padding-top: 30px !important;}&#8221;]<div class=\"porto-u-heading  wpb_custom_95aa9a11c17ad45cfabaf210d84ee7cc porto-u-ad87e2eaf3f9c495180fe0156ddf3eb0 \"><div class=\"porto-u-main-heading\"><h2   style=\"color:#333f48;margin-bottom: 0px;\">Pre-coating for bags: PRECap<\/h2><\/div><style>.porto-u-ad87e2eaf3f9c495180fe0156ddf3eb0.porto-u-heading{text-align:left}<\/style><\/div>[vc_separator color=&#8221;custom&#8221; align=&#8221;align_left&#8221; style=&#8221;solid&#8221; css=&#8221;.vc_custom_1548947161919{margin-top: 0px !important;margin-bottom: 0px !important;}&#8221; accent_color=&#8221;#ff3030&#8243;][vc_column_text]<span style=\"font-size: 18px; color: #333f48;\">Experience shows that adding a product in the suction line to help form a neutral pre-coating over the bag during commissioning of an installation or after bag replacement will benefit and prolong bag life.<\/span>[\/vc_column_text][vc_empty_space][vc_column_text]<\/p>\n<h3>Eco-efficiency<\/h3>\n<p>[\/vc_column_text][vc_separator color=&#8221;custom&#8221; align=&#8221;align_left&#8221; style=&#8221;solid&#8221; css=&#8221;.vc_custom_1537265803031{margin-top: 5px !important;margin-bottom: 5px !important;padding-bottom: px !important;}&#8221; accent_color=&#8221;#ff3030&#8243;][vc_column_text css=&#8221;.vc_custom_1597083694938{padding-bottom: 30px !important;}&#8221;]<\/p>\n<ul>\n<li>Optimises system performance.<\/li>\n<li>Prolongs bag life.<\/li>\n<li>Quick and easy to apply. Neutralises the aggressiveness of dust particles for the filter fabric.<\/li>\n<li>Reduces friction loss thanks to less compacting of the particles retained.<\/li>\n<li>Protects bags during technical shutdowns.<\/li>\n<\/ul>\n<p>[\/vc_column_text][vc_empty_space][vc_column_text]<\/p>\n<h3>Uses<\/h3>\n<p>[\/vc_column_text][vc_separator color=&#8221;custom&#8221; align=&#8221;align_left&#8221; style=&#8221;solid&#8221; css=&#8221;.vc_custom_1537265803031{margin-top: 5px !important;margin-bottom: 5px !important;padding-bottom: px !important;}&#8221; accent_color=&#8221;#ff3030&#8243;][vc_column_text css=&#8221;.vc_custom_1597083733132{padding-bottom: 30px !important;}&#8221;]The main uses of ICT FILTRATION PRECap are in installations where the dust particles to be retained are highly corrosive. It can also be used in installations with high levels of humidity, neutralising it and helping to keep the bags clean. The processes at which it is aimed include metallurgy, galvanic and cogeneration plants, among others.[\/vc_column_text][vc_empty_space][vc_column_text]<\/p>\n<h3>Features<\/h3>\n<p>[\/vc_column_text][vc_separator color=&#8221;custom&#8221; align=&#8221;align_left&#8221; style=&#8221;solid&#8221; css=&#8221;.vc_custom_1537265803031{margin-top: 5px !important;margin-bottom: 5px !important;padding-bottom: px !important;}&#8221; accent_color=&#8221;#ff3030&#8243;][vc_column_text css=&#8221;.vc_custom_1696863666732{padding-bottom: 30px !important;}&#8221;]Due to its high content of absorbent dust particles, PRECap also has the ability to loosen the pre-coating that habitually forms over any filter bag, resulting in a reduction in friction loss due to less compacting of the particles retained by the bags.<br \/>\nUse of the pre-coating optimises system performance, prolongs bag life, neutralises attacks by dust particles on the filter fabric, reduces friction loss thanks to less compacting of the particles retained and protects bags during technical shutdowns. It is also quick and easy to apply.<br \/>\nThe recommended application dose is 25 kg per 100 m\u00b2 of filtration surface.<\/p>\n<p><strong>Operation<\/strong><br \/>\nOn starting up suction of the gases coming from the emission source, whether an oven, a kiln, a mill or a silo filter, the dust that comes with this gas will not hit the bag, but the pre-coating of PRECap, which will neutralise these dust particles without them affecting the bag.<br \/>\nTo achieve maximum efficiency with PRECap in a bag filter, it is also recommended to add the product before every shutdown of the filter installation, which means the PRECap is left on the filter surface fur the time the filter is stopped, absorbing residual humidity from the bags. When the cleaning system is restarted after the shutdown, the PRECap will be expelled from the bags, leaving them free and ready to filter again.<br \/>\nPara conseguir la m\u00e1xima eficacia de PRECap en un filtro de mangas, es adem\u00e1s conveniente a\u00f1adir el producto antes de cada paro de la instalaci\u00f3n filtrante, lo que equivale a dejar el PRECap sobre la superficie de las mangas durante el periodo en que el filtro permanece cerrado, absorbiendo la humedad residual de las mangas. Al activar de nuevo el sistema de limpieza, pasado el periodo de parada, el PRECap ser\u00e1 expulsado de las mangas, quedando \u00e9stas libres y dispuestas para un nuevo filtrado.<\/p>\n<p><strong>Environmental impact and shipment<\/strong><br \/>\nAs this product is of natural origin, it does not represent any ecological problem for the environment.<br \/>\nWith regard to disposal, it is a product often used at the bottom of landfill sites where it prevents the filtration of soluble compounds, where these exist, into the water table.<br \/>\nPRECap can be used &#8220;as is&#8221; or mixed with soil.<br \/>\nRegarding shipment, PRECap is not a material subject to transport regulations (TPC, ADR, RID\/TPF, IMDG, ICAO) or to their stipulations.[\/vc_column_text][\/vc_column][vc_column width=&#8221;1\/2&#8243; css=&#8221;.vc_custom_1553248618737{padding-top: 30px !important;background-color: #dddddd !important;background-position: center !important;background-repeat: no-repeat !important;background-size: contain !important;}&#8221;]<div class=\"porto-u-heading  wpb_custom_95aa9a11c17ad45cfabaf210d84ee7cc porto-u-ad87e2eaf3f9c495180fe0156ddf3eb0 \"><div class=\"porto-u-main-heading\"><h2   style=\"color:#333f48;margin-bottom: 5px;\">Pre-coating for cartridges: DUST COATING W<\/h2><\/div><style>.porto-u-ad87e2eaf3f9c495180fe0156ddf3eb0.porto-u-heading{text-align:left}<\/style><\/div>[vc_separator color=&#8221;custom&#8221; align=&#8221;align_left&#8221; style=&#8221;solid&#8221; css=&#8221;.vc_custom_1537265803031{margin-top: 5px !important;margin-bottom: 5px !important;padding-bottom: px !important;}&#8221; accent_color=&#8221;#ff3030&#8243;][vc_column_text]<span style=\"font-size: 18px; color: #333f48;\">Experience shows that adding a product in the suction line to help form a neutral pre-coating over the cartridge during commissioning of an installation or after cartridge replacement will benefit and prolong cartridge life.<\/span>[\/vc_column_text][vc_empty_space][vc_column_text]<\/p>\n<h3>Eco-efficiency<\/h3>\n<p>[\/vc_column_text][vc_separator color=&#8221;custom&#8221; align=&#8221;align_left&#8221; style=&#8221;solid&#8221; css=&#8221;.vc_custom_1537265803031{margin-top: 5px !important;margin-bottom: 5px !important;padding-bottom: px !important;}&#8221; accent_color=&#8221;#ff3030&#8243;][vc_column_text css=&#8221;.vc_custom_1597083999524{padding-bottom: 30px !important;}&#8221;]<\/p>\n<ul>\n<li>Optimises system performance.<\/li>\n<li>Prolongs cartridge life.<\/li>\n<li>Quick and easy to apply.<\/li>\n<li>Neutralises the aggressiveness of dust particles for the filter fabric.<\/li>\n<li>Reduces friction loss thanks to less compacting of the particles retained.<\/li>\n<li>Protects cartridges during technical shutdowns.<\/li>\n<\/ul>\n<p>[\/vc_column_text][vc_empty_space][vc_column_text]<\/p>\n<h3>Uses<\/h3>\n<p>[\/vc_column_text][vc_separator color=&#8221;custom&#8221; align=&#8221;align_left&#8221; style=&#8221;solid&#8221; css=&#8221;.vc_custom_1537265803031{margin-top: 5px !important;margin-bottom: 5px !important;padding-bottom: px !important;}&#8221; accent_color=&#8221;#ff3030&#8243;][vc_column_text css=&#8221;.vc_custom_1597084085094{padding-bottom: 30px !important;}&#8221;]DUST COATING W is used for prior treatment of filters used in difficult applications where, because of the type of dust and its features, regenerating filter elements is complicated.<\/p>\n<ul>\n<li>Some examples of uses include:<\/li>\n<li>Welding fume extraction.<\/li>\n<li>Plasma and laser cutting.<\/li>\n<li>Thermal spraying.<\/li>\n<\/ul>\n<p>[\/vc_column_text][vc_empty_space][vc_column_text]<\/p>\n<h3>Features<\/h3>\n<p>[\/vc_column_text][vc_separator color=&#8221;custom&#8221; align=&#8221;align_left&#8221; style=&#8221;solid&#8221; css=&#8221;.vc_custom_1537265803031{margin-top: 5px !important;margin-bottom: 5px !important;padding-bottom: px !important;}&#8221; accent_color=&#8221;#ff3030&#8243;][vc_column_text css=&#8221;.vc_custom_1597084305482{padding-bottom: 30px !important;}&#8221;]<strong>What does Dust Coating W do?<\/strong><br \/>\nThis prior treatment acts as an intermediate layer (pre-coating) between the fibres of the filter media and the dust cakes, stopping the dust particles adhering to or penetrating the filter structure and clogging it.<br \/>\nIt acts like a \u201clubricant\u201d between the dust particles to stop the cake becoming encrusted and to allow proper regeneration of the filter medium.<br \/>\nIt also reduces the size of the pores in the filter medium, stopping dust particles passing through them.<br \/>\nLike this DUST COATING W transfers filtration from inside the filter medium to the surface of the pre-treated fibre.<\/p>\n<p><strong>How is Dust Coating W applied? <\/strong><br \/>\nFirst of all the suction system is started up with new filters in a dust-free clean air environment (ideal filter velocity: &lt; 60m3\/m2\/h). The system will adjust to the nominal volume of air and the real friction loss is measured (about 100 Pa).<br \/>\nThe pre-coating is then added to the air current (approx. 5-10 g\/m\u00b2 filter area), with the compressed air cleaning system switched off. Friction loss must be controlled and should rise to about 350-800 Pa of nominal air volume, depending on the final operating load permitted for the installation. For suction systems with an uneven, unfavourable air flow distribution, we recommend applying more DUST COATING W to ensure the whole filter surface is properly covered.<br \/>\nThe dust can now be fed into the system. The suction system should work without activating compressed air cleaning until a friction loss of about 1,600 Pa is reached.<br \/>\nWhen compressed air cleaning is started up, make sure it works at the lowest possible pressure. The cleaning system must be set to keep the friction loss above 1,000 Pa at all times. To maintain this level, even with different loads of dust, it is recommended that Delta-P control (cleaning on demand) be used for the cleaning system. If these precautions are followed, you will probably only have to use DUST COATING W to create a pre-coating once during start-up of the system.<\/p>\n<p><strong>What else should be taken into account?<\/strong><br \/>\nWhat else should be taken into account?<br \/>\nThe following adverse factors should be borne in mind:<\/p>\n<ul>\n<li>Excessively high air\/fabric rations.<\/li>\n<li>Poor hopper\/container design.<\/li>\n<li>Uneven distribution of cleaning power, which can cause higher friction loss, but can be compensated by creating another pre-coating after a certain operating time.<\/li>\n<li>Compressed air cleaning while the system is stopped (cleaning while shut down).<\/li>\n<\/ul>\n<p>[\/vc_column_text][vc_empty_space][vc_btn title=&#8221;Pre-coating for cartridges: DUST COATING W Data Sheet (PDF)&#8221; style=&#8221;custom&#8221; custom_background=&#8221;#ee3224&#8243; custom_text=&#8221;#ffffff&#8221; shape=&#8221;rounded&#8221; size=&#8221;lg&#8221; i_icon_fontawesome=&#8221;&#8221; add_icon=&#8221;true&#8221; link=&#8221;url:http%3A%2F%2Fictfiltracion.com%2Fwp-content%2Fuploads%2FDUST-COATING-W.pdf||target:%20_blank|&#8221;][\/vc_column][\/vc_row][vc_row full_width=&#8221;stretch_row&#8221; wrap_container=&#8221;yes&#8221; content_placement=&#8221;middle&#8221; is_section=&#8221;yes&#8221; section_skin=&#8221;primary&#8221; remove_margin_top=&#8221;yes&#8221; remove_margin_bottom=&#8221;yes&#8221; remove_padding_bottom=&#8221;yes&#8221; el_class=&#8221;p-b-sm&#8221; el_id=&#8221;contactenos&#8221; css=&#8221;.vc_custom_1549298494155{padding-bottom: 15px !important;}&#8221;][vc_column width=&#8221;5\/6&#8243;][vc_custom_heading text=&#8221;If you can&#8217;t find your product, please contact us.&#8221; font_container=&#8221;tag:h4|font_size:18px|text_align:left|color:%23ffffff&#8221; use_theme_fonts=&#8221;yes&#8221; css=&#8221;.vc_custom_1597084415869{padding-bottom: 10px !important;}&#8221;][\/vc_column][vc_column width=&#8221;1\/6&#8243;][vc_btn title=&#8221;Can we help you?&#8221; style=&#8221;custom&#8221; custom_background=&#8221;#333f48&#8243; custom_text=&#8221;#ffffff&#8221; shape=&#8221;square&#8221; size=&#8221;lg&#8221; i_icon_fontawesome=&#8221;&#8221; add_icon=&#8221;true&#8221; css_animation=&#8221;none&#8221; link=&#8221;url:http%3A%2F%2Fictfiltracion.com%2Fcontacto%2F%3Flang%3Den||target:%20_blank|&#8221;][\/vc_column][\/vc_row]<\/p>\n<\/div>","protected":false},"excerpt":{"rendered":"<p>[vc_row full_width=&#8221;stretch_row_content&#8221; wrap_container=&#8221;yes&#8221; content_placement=&#8221;middle&#8221; text_align=&#8221;left&#8221; el_class=&#8221;home-intro&#8221; css=&#8221;.vc_custom_1534510538637{margin-top: 0px !important;padding-top: 55px !important;padding-bottom: 55px !important;}&#8221;][vc_column][vc_column_text el_class=&#8221;m-b-none&#8221;] PRE-COATING FOR BAGS: ICT FILTRATION PRECap is a product designed to create a pre-coating on filter bags for dust capture, with the exception of filters where the dust retained is to be packed for subsequent sale or goes straight to the [&hellip;]<\/p>\n","protected":false},"author":2,"featured_media":0,"parent":7668,"menu_order":0,"comment_status":"closed","ping_status":"closed","template":"","meta":{"footnotes":""},"class_list":["post-7786","page","type-page","status-publish","hentry"],"yoast_head":"<!-- This site is optimized with the Yoast SEO plugin v27.3 - https:\/\/yoast.com\/product\/yoast-seo-wordpress\/ -->\n<title>Pre-coating for bags and cartridges | ICT Filtration<\/title>\n<meta name=\"robots\" content=\"index, follow, max-snippet:-1, max-image-preview:large, max-video-preview:-1\" \/>\n<link rel=\"canonical\" href=\"https:\/\/www.ictfiltracion.com\/productos\/precapa-mangas-cartuchos\/\" \/>\n<meta property=\"og:locale\" content=\"en_US\" \/>\n<meta property=\"og:type\" content=\"article\" \/>\n<meta property=\"og:title\" content=\"Pre-coating for bags and cartridges | ICT Filtration\" \/>\n<meta property=\"og:description\" content=\"[vc_row full_width=&#8221;stretch_row_content&#8221; wrap_container=&#8221;yes&#8221; content_placement=&#8221;middle&#8221; text_align=&#8221;left&#8221; el_class=&#8221;home-intro&#8221; css=&#8221;.vc_custom_1534510538637{margin-top: 0px !important;padding-top: 55px !important;padding-bottom: 55px !important;}&#8221;][vc_column][vc_column_text el_class=&#8221;m-b-none&#8221;] PRE-COATING FOR BAGS: ICT FILTRATION PRECap is a product designed to create a pre-coating on filter bags for dust capture, with the exception of filters where the dust retained is to be packed for subsequent sale or goes straight to the [&hellip;]\" \/>\n<meta property=\"og:url\" content=\"https:\/\/www.ictfiltracion.com\/productos\/precapa-mangas-cartuchos\/\" \/>\n<meta property=\"og:site_name\" content=\"ICT Filtration\" \/>\n<meta property=\"article:modified_time\" content=\"2024-07-15T19:25:05+00:00\" \/>\n<meta property=\"og:image\" content=\"https:\/\/www.ictfiltracion.com\/wp-content\/uploads\/LOGO-ICT-FILTRATION-GROUP.png\" \/>\n\t<meta property=\"og:image:width\" content=\"558\" \/>\n\t<meta property=\"og:image:height\" content=\"121\" \/>\n\t<meta property=\"og:image:type\" content=\"image\/png\" \/>\n<meta name=\"twitter:card\" content=\"summary_large_image\" \/>\n<meta name=\"twitter:label1\" content=\"Est. reading time\" \/>\n\t<meta name=\"twitter:data1\" content=\"9 minutes\" \/>\n<script type=\"application\/ld+json\" class=\"yoast-schema-graph\">{\"@context\":\"https:\\\/\\\/schema.org\",\"@graph\":[{\"@type\":\"WebPage\",\"@id\":\"https:\\\/\\\/www.ictfiltracion.com\\\/productos\\\/precapa-mangas-cartuchos\\\/\",\"url\":\"https:\\\/\\\/www.ictfiltracion.com\\\/productos\\\/precapa-mangas-cartuchos\\\/\",\"name\":\"Pre-coating for bags and cartridges | ICT Filtration\",\"isPartOf\":{\"@id\":\"https:\\\/\\\/www.ictfiltracion.com\\\/#website\"},\"datePublished\":\"2018-11-26T17:28:41+00:00\",\"dateModified\":\"2024-07-15T19:25:05+00:00\",\"breadcrumb\":{\"@id\":\"https:\\\/\\\/www.ictfiltracion.com\\\/productos\\\/precapa-mangas-cartuchos\\\/#breadcrumb\"},\"inLanguage\":\"en-US\",\"potentialAction\":[{\"@type\":\"ReadAction\",\"target\":[\"https:\\\/\\\/www.ictfiltracion.com\\\/productos\\\/precapa-mangas-cartuchos\\\/\"]}]},{\"@type\":\"BreadcrumbList\",\"@id\":\"https:\\\/\\\/www.ictfiltracion.com\\\/productos\\\/precapa-mangas-cartuchos\\\/#breadcrumb\",\"itemListElement\":[{\"@type\":\"ListItem\",\"position\":1,\"name\":\"ICT Filtraci\u00f3n\",\"item\":\"https:\\\/\\\/www.ictfiltracion.com\\\/en\\\/\"},{\"@type\":\"ListItem\",\"position\":2,\"name\":\"Products\",\"item\":\"https:\\\/\\\/www.ictfiltracion.com\\\/en\\\/products\\\/\"},{\"@type\":\"ListItem\",\"position\":3,\"name\":\"Pre-coating for bags and cartridges\"}]},{\"@type\":\"WebSite\",\"@id\":\"https:\\\/\\\/www.ictfiltracion.com\\\/#website\",\"url\":\"https:\\\/\\\/www.ictfiltracion.com\\\/\",\"name\":\"ICT Filtraci\u00f3n\",\"description\":\"Soluciones para filtraci\u00f3n industrial\",\"potentialAction\":[{\"@type\":\"SearchAction\",\"target\":{\"@type\":\"EntryPoint\",\"urlTemplate\":\"https:\\\/\\\/www.ictfiltracion.com\\\/?s={search_term_string}\"},\"query-input\":{\"@type\":\"PropertyValueSpecification\",\"valueRequired\":true,\"valueName\":\"search_term_string\"}}],\"inLanguage\":\"en-US\"}]}<\/script>\n<!-- \/ Yoast SEO plugin. -->","yoast_head_json":{"title":"Pre-coating for bags and cartridges | ICT Filtration","robots":{"index":"index","follow":"follow","max-snippet":"max-snippet:-1","max-image-preview":"max-image-preview:large","max-video-preview":"max-video-preview:-1"},"canonical":"https:\/\/www.ictfiltracion.com\/productos\/precapa-mangas-cartuchos\/","og_locale":"en_US","og_type":"article","og_title":"Pre-coating for bags and cartridges | ICT Filtration","og_description":"[vc_row full_width=&#8221;stretch_row_content&#8221; wrap_container=&#8221;yes&#8221; content_placement=&#8221;middle&#8221; text_align=&#8221;left&#8221; el_class=&#8221;home-intro&#8221; css=&#8221;.vc_custom_1534510538637{margin-top: 0px !important;padding-top: 55px !important;padding-bottom: 55px !important;}&#8221;][vc_column][vc_column_text el_class=&#8221;m-b-none&#8221;] PRE-COATING FOR BAGS: ICT FILTRATION PRECap is a product designed to create a pre-coating on filter bags for dust capture, with the exception of filters where the dust retained is to be packed for subsequent sale or goes straight to the [&hellip;]","og_url":"https:\/\/www.ictfiltracion.com\/productos\/precapa-mangas-cartuchos\/","og_site_name":"ICT Filtration","article_modified_time":"2024-07-15T19:25:05+00:00","og_image":[{"width":558,"height":121,"url":"https:\/\/www.ictfiltracion.com\/wp-content\/uploads\/LOGO-ICT-FILTRATION-GROUP.png","type":"image\/png"}],"twitter_card":"summary_large_image","twitter_misc":{"Est. reading time":"9 minutes"},"schema":{"@context":"https:\/\/schema.org","@graph":[{"@type":"WebPage","@id":"https:\/\/www.ictfiltracion.com\/productos\/precapa-mangas-cartuchos\/","url":"https:\/\/www.ictfiltracion.com\/productos\/precapa-mangas-cartuchos\/","name":"Pre-coating for bags and cartridges | ICT Filtration","isPartOf":{"@id":"https:\/\/www.ictfiltracion.com\/#website"},"datePublished":"2018-11-26T17:28:41+00:00","dateModified":"2024-07-15T19:25:05+00:00","breadcrumb":{"@id":"https:\/\/www.ictfiltracion.com\/productos\/precapa-mangas-cartuchos\/#breadcrumb"},"inLanguage":"en-US","potentialAction":[{"@type":"ReadAction","target":["https:\/\/www.ictfiltracion.com\/productos\/precapa-mangas-cartuchos\/"]}]},{"@type":"BreadcrumbList","@id":"https:\/\/www.ictfiltracion.com\/productos\/precapa-mangas-cartuchos\/#breadcrumb","itemListElement":[{"@type":"ListItem","position":1,"name":"ICT Filtraci\u00f3n","item":"https:\/\/www.ictfiltracion.com\/en\/"},{"@type":"ListItem","position":2,"name":"Products","item":"https:\/\/www.ictfiltracion.com\/en\/products\/"},{"@type":"ListItem","position":3,"name":"Pre-coating for bags and cartridges"}]},{"@type":"WebSite","@id":"https:\/\/www.ictfiltracion.com\/#website","url":"https:\/\/www.ictfiltracion.com\/","name":"ICT Filtraci\u00f3n","description":"Soluciones para filtraci\u00f3n industrial","potentialAction":[{"@type":"SearchAction","target":{"@type":"EntryPoint","urlTemplate":"https:\/\/www.ictfiltracion.com\/?s={search_term_string}"},"query-input":{"@type":"PropertyValueSpecification","valueRequired":true,"valueName":"search_term_string"}}],"inLanguage":"en-US"}]}},"_links":{"self":[{"href":"https:\/\/www.ictfiltracion.com\/en\/wp-json\/wp\/v2\/pages\/7786","targetHints":{"allow":["GET"]}}],"collection":[{"href":"https:\/\/www.ictfiltracion.com\/en\/wp-json\/wp\/v2\/pages"}],"about":[{"href":"https:\/\/www.ictfiltracion.com\/en\/wp-json\/wp\/v2\/types\/page"}],"author":[{"embeddable":true,"href":"https:\/\/www.ictfiltracion.com\/en\/wp-json\/wp\/v2\/users\/2"}],"replies":[{"embeddable":true,"href":"https:\/\/www.ictfiltracion.com\/en\/wp-json\/wp\/v2\/comments?post=7786"}],"version-history":[{"count":7,"href":"https:\/\/www.ictfiltracion.com\/en\/wp-json\/wp\/v2\/pages\/7786\/revisions"}],"predecessor-version":[{"id":10446,"href":"https:\/\/www.ictfiltracion.com\/en\/wp-json\/wp\/v2\/pages\/7786\/revisions\/10446"}],"up":[{"embeddable":true,"href":"https:\/\/www.ictfiltracion.com\/en\/wp-json\/wp\/v2\/pages\/7668"}],"wp:attachment":[{"href":"https:\/\/www.ictfiltracion.com\/en\/wp-json\/wp\/v2\/media?parent=7786"}],"curies":[{"name":"wp","href":"https:\/\/api.w.org\/{rel}","templated":true}]}}