{"id":7757,"date":"2018-09-19T09:37:15","date_gmt":"2018-09-19T09:37:15","guid":{"rendered":"http:\/\/ictfiltracion.com\/productos\/filtros-para-lecho-fluido\/"},"modified":"2024-07-15T19:25:40","modified_gmt":"2024-07-15T19:25:40","slug":"fluid-bed-filters","status":"publish","type":"page","link":"https:\/\/www.ictfiltracion.com\/en\/products\/fluid-bed-filters\/","title":{"rendered":"Fluid bed filters"},"content":{"rendered":"<div class=\"wpb-content-wrapper\"><p>[vc_row full_width=&#8221;stretch_row_content&#8221; content_placement=&#8221;middle&#8221; wrap_container=&#8221;yes&#8221; text_align=&#8221;left&#8221; section_skin=&#8221;secondary&#8221; remove_margin_top=&#8221;yes&#8221; el_class=&#8221;home-intro&#8221; css=&#8221;.vc_custom_1548267166951{margin-top: 0px !important;padding-top: 55px !important;padding-bottom: 55px !important;}&#8221;][vc_column width=&#8221;2\/3&#8243;][vc_column_text el_class=&#8221;m-b-none&#8221;]<\/p>\n<p style=\"max-width: 100% !important;\">The pharmaceutical, chemical and food industries are the main users of ICT FILTRATION fluid bed filters. These laboratories and companies require rigorous control and accuracy in particle retention, as well as other features that distinguish this type of manufacturing.<\/p>\n<p>[\/vc_column_text][\/vc_column][vc_column width=&#8221;1\/3&#8243;][vc_single_image image=&#8221;1165&#8243; img_size=&#8221;medium&#8221; alignment=&#8221;center&#8221; onclick=&#8221;link_image&#8221;][\/vc_column][\/vc_row][vc_row equal_height=&#8221;yes&#8221; content_placement=&#8221;top&#8221; wrap_container=&#8221;yes&#8221; css=&#8221;.vc_custom_1547117392333{margin-top: 50px !important;padding-bottom: 10px !important;}&#8221; el_id=&#8221;productos&#8221;][vc_column width=&#8221;1\/2&#8243; el_class=&#8221;mycol&#8221;][vc_column_text]<\/p>\n<h3>Eco-efficiency<\/h3>\n<p>[\/vc_column_text][vc_separator color=&#8221;custom&#8221; align=&#8221;align_left&#8221; style=&#8221;solid&#8221; css=&#8221;.vc_custom_1537265803031{margin-top: 5px !important;margin-bottom: 5px !important;padding-bottom: px !important;}&#8221; accent_color=&#8221;#ff3030&#8243;][vc_column_text css=&#8221;.vc_custom_1597076020533{padding-bottom: 30px !important;}&#8221;]<\/p>\n<ul>\n<li>Optimisation of production processes.<\/li>\n<li>Enhanced performance of the equipment or installation.<\/li>\n<li>Less equipment down time.<\/li>\n<li>Maximum performance over a long life cycle.<\/li>\n<li>Fabric adapted to the desired degree of drying.<\/li>\n<li>Conformity to ATEX standards for use in explosive atmospheres.<\/li>\n<\/ul>\n<p>[\/vc_column_text][vc_empty_space][vc_column_text]<\/p>\n<h3>Benefits<\/h3>\n<p>[\/vc_column_text][vc_separator color=&#8221;custom&#8221; align=&#8221;align_left&#8221; style=&#8221;solid&#8221; css=&#8221;.vc_custom_1537265803031{margin-top: 5px !important;margin-bottom: 5px !important;padding-bottom: px !important;}&#8221; accent_color=&#8221;#ff3030&#8243;][vc_column_text css=&#8221;.vc_custom_1597076106080{padding-bottom: 30px !important;}&#8221;]<\/p>\n<ul>\n<li>Optimum air flow to particle retention ratio.<\/li>\n<li>Controls product emission and wastage during the manufacturing process.<\/li>\n<li>Ensures mixtures with a low rate of variation.<\/li>\n<li>Pure end product free from contaminants.<\/li>\n<li>Good dust separation.<\/li>\n<li>Avoids the risk of cross-contamination due to fibre separation.<\/li>\n<li>End product free from impurities and contamination.<\/li>\n<\/ul>\n<p>[\/vc_column_text][vc_empty_space][vc_column_text]<\/p>\n<h3>Manufacturing and finishing<\/h3>\n<p>[\/vc_column_text][vc_separator color=&#8221;custom&#8221; align=&#8221;align_left&#8221; style=&#8221;solid&#8221; css=&#8221;.vc_custom_1537265803031{margin-top: 5px !important;margin-bottom: 5px !important;padding-bottom: px !important;}&#8221; accent_color=&#8221;#ff3030&#8243;][vc_column_text css=&#8221;.vc_custom_1597076177457{padding-bottom: 30px !important;}&#8221;]<\/p>\n<ul>\n<li>Quality, precision cutting with CAD laser technology.<\/li>\n<li>Seams sealed by ultrasound and heat sealing.<\/li>\n<li>All formats: octopus, bag, cartridge.<\/li>\n<li>Special fabrics for abrasive dusts with a low humidity content.<\/li>\n<li>Manufacturing to order<\/li>\n<li>Individual packaging.<\/li>\n<li>Laser labelling.<\/li>\n<li>GMP, FDA, ATEX, EU10\/2011.<\/li>\n<li>Anti-static fabric for easy cleaning and particle release.<\/li>\n<\/ul>\n<p>[\/vc_column_text][vc_empty_space][vc_column_text]<\/p>\n<h3>Fabrics<\/h3>\n<p>[\/vc_column_text][vc_separator color=&#8221;custom&#8221; align=&#8221;align_left&#8221; style=&#8221;solid&#8221; css=&#8221;.vc_custom_1537265803031{margin-top: 5px !important;margin-bottom: 5px !important;padding-bottom: px !important;}&#8221; accent_color=&#8221;#ff3030&#8243;][vc_column_text css=&#8221;.vc_custom_1597076228672{padding-bottom: 30px !important;}&#8221;]The most extensive range of specialist fabrics, including stainless steel anti-static and carbon fabrics to comply with EU-10\/2011 and FDA standards.<br \/>\nSpecialist fabrics, the exclusive ICTEX high-technology fabrics and needle-punched felt used in ICT FILTRATION products come with traceability documents, a declaration of conformity on migration in accordance with EU 10\/2011, FDA certificate and ATEX certificate (where relevant).<br \/>\n[\/vc_column_text][\/vc_column][vc_column width=&#8221;1\/2&#8243;][vc_single_image image=&#8221;964&#8243; img_size=&#8221;large&#8221; onclick=&#8221;link_image&#8221; css=&#8221;.vc_custom_1548874161285{margin-top: 40px !important;}&#8221;][vc_empty_space height=&#8221;50px&#8221;][vc_single_image image=&#8221;3702&#8243; img_size=&#8221;large&#8221; css=&#8221;.vc_custom_1548274030188{margin-top: 40px !important;}&#8221;][vc_empty_space height=&#8221;50px&#8221;][vc_single_image image=&#8221;6709&#8243; img_size=&#8221;large&#8221; onclick=&#8221;link_image&#8221; css=&#8221;.vc_custom_1557133177881{margin-top: 40px !important;}&#8221;][\/vc_column][\/vc_row][vc_row css=&#8221;.vc_custom_1549279454222{margin-bottom: 25px !important;}&#8221;][vc_column width=&#8221;1\/3&#8243;][vc_single_image image=&#8221;6715&#8243; img_size=&#8221;large&#8221; alignment=&#8221;center&#8221; onclick=&#8221;link_image&#8221; css=&#8221;.vc_custom_1557153508500{margin-top: 40px !important;}&#8221;][\/vc_column][vc_column width=&#8221;1\/3&#8243;][vc_single_image image=&#8221;4578&#8243; img_size=&#8221;large&#8221; alignment=&#8221;center&#8221; onclick=&#8221;link_image&#8221; css=&#8221;.vc_custom_1549279367820{margin-top: 40px !important;}&#8221;][\/vc_column][vc_column width=&#8221;1\/3&#8243;][vc_single_image image=&#8221;4574&#8243; img_size=&#8221;large&#8221; alignment=&#8221;center&#8221; onclick=&#8221;link_image&#8221; css=&#8221;.vc_custom_1549279360686{margin-top: 40px !important;}&#8221;][\/vc_column][\/vc_row][vc_row full_width=&#8221;stretch_row&#8221; content_placement=&#8221;middle&#8221; wrap_container=&#8221;yes&#8221; is_section=&#8221;yes&#8221; section_skin=&#8221;primary&#8221; remove_margin_top=&#8221;yes&#8221; remove_margin_bottom=&#8221;yes&#8221; remove_padding_bottom=&#8221;yes&#8221; el_class=&#8221;p-b-sm&#8221; el_id=&#8221;contactenos&#8221; css=&#8221;.vc_custom_1545298076584{padding-bottom: 15px !important;}&#8221; animation_type=&#8221;fadeIn&#8221;][vc_column width=&#8221;5\/6&#8243;][vc_custom_heading text=&#8221;<strong>If you can&#8217;t find your product, please contact us.<\/strong>&#8221; font_container=&#8221;tag:h4|font_size:18px|text_align:left|color:%23ffffff&#8221; use_theme_fonts=&#8221;yes&#8221; css=&#8221;.vc_custom_1597076507619{padding-bottom: 10px !important;}&#8221; link=&#8221;|||&#8221;][\/vc_column][vc_column width=&#8221;1\/6&#8243;][vc_btn title=&#8221;Can we help you?&#8221; style=&#8221;custom&#8221; custom_background=&#8221;#475054&#8243; custom_text=&#8221;#ffffff&#8221; size=&#8221;lg&#8221; i_icon_fontawesome=&#8221;&#8221; add_icon=&#8221;true&#8221; css_animation=&#8221;none&#8221; link=&#8221;url:http%3A%2F%2Fictfiltracion.com%2Fcontacto%2F%3Flang%3Den||target:%20_blank|&#8221;][\/vc_column][\/vc_row]<\/p>\n<\/div>","protected":false},"excerpt":{"rendered":"<p>[vc_row full_width=&#8221;stretch_row_content&#8221; content_placement=&#8221;middle&#8221; wrap_container=&#8221;yes&#8221; text_align=&#8221;left&#8221; section_skin=&#8221;secondary&#8221; remove_margin_top=&#8221;yes&#8221; el_class=&#8221;home-intro&#8221; css=&#8221;.vc_custom_1548267166951{margin-top: 0px !important;padding-top: 55px !important;padding-bottom: 55px !important;}&#8221;][vc_column width=&#8221;2\/3&#8243;][vc_column_text el_class=&#8221;m-b-none&#8221;] The pharmaceutical, chemical and food industries are the main users of ICT FILTRATION fluid bed filters. These laboratories and companies require rigorous control and accuracy in particle retention, as well as other features that distinguish this type of [&hellip;]<\/p>\n","protected":false},"author":2,"featured_media":0,"parent":7668,"menu_order":0,"comment_status":"closed","ping_status":"closed","template":"","meta":{"footnotes":""},"class_list":["post-7757","page","type-page","status-publish","hentry"],"yoast_head":"<!-- This site is optimized with the Yoast SEO plugin v27.3 - https:\/\/yoast.com\/product\/yoast-seo-wordpress\/ -->\n<title>Filtros para lecho fluido | PharmaLine | ICT FILTRATION<\/title>\n<meta name=\"description\" content=\"Filtros para lecho fluido que cumplen las normativas y regulaciones GMP, FDA, ATEX, EU10\/2011. Industria farmac\u00e9utica, qu\u00edmica y alimentaci\u00f3n.\" \/>\n<meta name=\"robots\" content=\"index, follow, max-snippet:-1, max-image-preview:large, max-video-preview:-1\" \/>\n<link rel=\"canonical\" href=\"https:\/\/www.ictfiltracion.com\/productos\/filtros-para-lecho-fluido\/\" \/>\n<meta property=\"og:locale\" content=\"en_US\" \/>\n<meta property=\"og:type\" content=\"article\" \/>\n<meta property=\"og:title\" content=\"Filtros para lecho fluido | PharmaLine | ICT FILTRATION\" \/>\n<meta property=\"og:description\" content=\"Filtros para lecho fluido que cumplen las normativas y regulaciones GMP, FDA, ATEX, EU10\/2011. Industria farmac\u00e9utica, qu\u00edmica y alimentaci\u00f3n.\" \/>\n<meta property=\"og:url\" content=\"https:\/\/www.ictfiltracion.com\/productos\/filtros-para-lecho-fluido\/\" \/>\n<meta property=\"og:site_name\" content=\"ICT Filtration\" \/>\n<meta property=\"article:modified_time\" content=\"2024-07-15T19:25:40+00:00\" \/>\n<meta property=\"og:image\" content=\"https:\/\/www.ictfiltracion.com\/wp-content\/uploads\/LOGO-ICT-FILTRATION-GROUP.png\" \/>\n\t<meta property=\"og:image:width\" content=\"558\" \/>\n\t<meta property=\"og:image:height\" content=\"121\" \/>\n\t<meta property=\"og:image:type\" content=\"image\/png\" \/>\n<meta name=\"twitter:card\" content=\"summary_large_image\" \/>\n<meta name=\"twitter:label1\" content=\"Est. reading time\" \/>\n\t<meta name=\"twitter:data1\" content=\"4 minutes\" \/>\n<script type=\"application\/ld+json\" class=\"yoast-schema-graph\">{\"@context\":\"https:\\\/\\\/schema.org\",\"@graph\":[{\"@type\":\"WebPage\",\"@id\":\"https:\\\/\\\/www.ictfiltracion.com\\\/productos\\\/filtros-para-lecho-fluido\\\/\",\"url\":\"https:\\\/\\\/www.ictfiltracion.com\\\/productos\\\/filtros-para-lecho-fluido\\\/\",\"name\":\"Filtros para lecho fluido | PharmaLine | ICT FILTRATION\",\"isPartOf\":{\"@id\":\"https:\\\/\\\/www.ictfiltracion.com\\\/#website\"},\"datePublished\":\"2018-09-19T09:37:15+00:00\",\"dateModified\":\"2024-07-15T19:25:40+00:00\",\"description\":\"Filtros para lecho fluido que cumplen las normativas y regulaciones GMP, FDA, ATEX, EU10\\\/2011. Industria farmac\u00e9utica, qu\u00edmica y alimentaci\u00f3n.\",\"breadcrumb\":{\"@id\":\"https:\\\/\\\/www.ictfiltracion.com\\\/productos\\\/filtros-para-lecho-fluido\\\/#breadcrumb\"},\"inLanguage\":\"en-US\",\"potentialAction\":[{\"@type\":\"ReadAction\",\"target\":[\"https:\\\/\\\/www.ictfiltracion.com\\\/productos\\\/filtros-para-lecho-fluido\\\/\"]}]},{\"@type\":\"BreadcrumbList\",\"@id\":\"https:\\\/\\\/www.ictfiltracion.com\\\/productos\\\/filtros-para-lecho-fluido\\\/#breadcrumb\",\"itemListElement\":[{\"@type\":\"ListItem\",\"position\":1,\"name\":\"ICT Filtraci\u00f3n\",\"item\":\"https:\\\/\\\/www.ictfiltracion.com\\\/en\\\/\"},{\"@type\":\"ListItem\",\"position\":2,\"name\":\"Products\",\"item\":\"https:\\\/\\\/www.ictfiltracion.com\\\/en\\\/products\\\/\"},{\"@type\":\"ListItem\",\"position\":3,\"name\":\"Fluid bed filters\"}]},{\"@type\":\"WebSite\",\"@id\":\"https:\\\/\\\/www.ictfiltracion.com\\\/#website\",\"url\":\"https:\\\/\\\/www.ictfiltracion.com\\\/\",\"name\":\"ICT Filtraci\u00f3n\",\"description\":\"Soluciones para filtraci\u00f3n industrial\",\"potentialAction\":[{\"@type\":\"SearchAction\",\"target\":{\"@type\":\"EntryPoint\",\"urlTemplate\":\"https:\\\/\\\/www.ictfiltracion.com\\\/?s={search_term_string}\"},\"query-input\":{\"@type\":\"PropertyValueSpecification\",\"valueRequired\":true,\"valueName\":\"search_term_string\"}}],\"inLanguage\":\"en-US\"}]}<\/script>\n<!-- \/ Yoast SEO plugin. -->","yoast_head_json":{"title":"Filtros para lecho fluido | PharmaLine | ICT FILTRATION","description":"Filtros para lecho fluido que cumplen las normativas y regulaciones GMP, FDA, ATEX, EU10\/2011. Industria farmac\u00e9utica, qu\u00edmica y alimentaci\u00f3n.","robots":{"index":"index","follow":"follow","max-snippet":"max-snippet:-1","max-image-preview":"max-image-preview:large","max-video-preview":"max-video-preview:-1"},"canonical":"https:\/\/www.ictfiltracion.com\/productos\/filtros-para-lecho-fluido\/","og_locale":"en_US","og_type":"article","og_title":"Filtros para lecho fluido | PharmaLine | ICT FILTRATION","og_description":"Filtros para lecho fluido que cumplen las normativas y regulaciones GMP, FDA, ATEX, EU10\/2011. Industria farmac\u00e9utica, qu\u00edmica y alimentaci\u00f3n.","og_url":"https:\/\/www.ictfiltracion.com\/productos\/filtros-para-lecho-fluido\/","og_site_name":"ICT Filtration","article_modified_time":"2024-07-15T19:25:40+00:00","og_image":[{"width":558,"height":121,"url":"https:\/\/www.ictfiltracion.com\/wp-content\/uploads\/LOGO-ICT-FILTRATION-GROUP.png","type":"image\/png"}],"twitter_card":"summary_large_image","twitter_misc":{"Est. reading time":"4 minutes"},"schema":{"@context":"https:\/\/schema.org","@graph":[{"@type":"WebPage","@id":"https:\/\/www.ictfiltracion.com\/productos\/filtros-para-lecho-fluido\/","url":"https:\/\/www.ictfiltracion.com\/productos\/filtros-para-lecho-fluido\/","name":"Filtros para lecho fluido | PharmaLine | ICT FILTRATION","isPartOf":{"@id":"https:\/\/www.ictfiltracion.com\/#website"},"datePublished":"2018-09-19T09:37:15+00:00","dateModified":"2024-07-15T19:25:40+00:00","description":"Filtros para lecho fluido que cumplen las normativas y regulaciones GMP, FDA, ATEX, EU10\/2011. Industria farmac\u00e9utica, qu\u00edmica y alimentaci\u00f3n.","breadcrumb":{"@id":"https:\/\/www.ictfiltracion.com\/productos\/filtros-para-lecho-fluido\/#breadcrumb"},"inLanguage":"en-US","potentialAction":[{"@type":"ReadAction","target":["https:\/\/www.ictfiltracion.com\/productos\/filtros-para-lecho-fluido\/"]}]},{"@type":"BreadcrumbList","@id":"https:\/\/www.ictfiltracion.com\/productos\/filtros-para-lecho-fluido\/#breadcrumb","itemListElement":[{"@type":"ListItem","position":1,"name":"ICT Filtraci\u00f3n","item":"https:\/\/www.ictfiltracion.com\/en\/"},{"@type":"ListItem","position":2,"name":"Products","item":"https:\/\/www.ictfiltracion.com\/en\/products\/"},{"@type":"ListItem","position":3,"name":"Fluid bed filters"}]},{"@type":"WebSite","@id":"https:\/\/www.ictfiltracion.com\/#website","url":"https:\/\/www.ictfiltracion.com\/","name":"ICT Filtraci\u00f3n","description":"Soluciones para filtraci\u00f3n industrial","potentialAction":[{"@type":"SearchAction","target":{"@type":"EntryPoint","urlTemplate":"https:\/\/www.ictfiltracion.com\/?s={search_term_string}"},"query-input":{"@type":"PropertyValueSpecification","valueRequired":true,"valueName":"search_term_string"}}],"inLanguage":"en-US"}]}},"_links":{"self":[{"href":"https:\/\/www.ictfiltracion.com\/en\/wp-json\/wp\/v2\/pages\/7757","targetHints":{"allow":["GET"]}}],"collection":[{"href":"https:\/\/www.ictfiltracion.com\/en\/wp-json\/wp\/v2\/pages"}],"about":[{"href":"https:\/\/www.ictfiltracion.com\/en\/wp-json\/wp\/v2\/types\/page"}],"author":[{"embeddable":true,"href":"https:\/\/www.ictfiltracion.com\/en\/wp-json\/wp\/v2\/users\/2"}],"replies":[{"embeddable":true,"href":"https:\/\/www.ictfiltracion.com\/en\/wp-json\/wp\/v2\/comments?post=7757"}],"version-history":[{"count":8,"href":"https:\/\/www.ictfiltracion.com\/en\/wp-json\/wp\/v2\/pages\/7757\/revisions"}],"predecessor-version":[{"id":8144,"href":"https:\/\/www.ictfiltracion.com\/en\/wp-json\/wp\/v2\/pages\/7757\/revisions\/8144"}],"up":[{"embeddable":true,"href":"https:\/\/www.ictfiltracion.com\/en\/wp-json\/wp\/v2\/pages\/7668"}],"wp:attachment":[{"href":"https:\/\/www.ictfiltracion.com\/en\/wp-json\/wp\/v2\/media?parent=7757"}],"curies":[{"name":"wp","href":"https:\/\/api.w.org\/{rel}","templated":true}]}}