{"id":11087,"date":"2024-07-29T08:20:46","date_gmt":"2024-07-29T08:20:46","guid":{"rendered":"http:\/\/ictfiltracion.com\/formacion-mantenimiento-de-filtros-industriales\/"},"modified":"2024-07-29T11:54:59","modified_gmt":"2024-07-29T11:54:59","slug":"formacion-mantenimiento-de-filtros-industriales","status":"publish","type":"page","link":"https:\/\/www.ictfiltracion.com\/en\/formacion-mantenimiento-de-filtros-industriales\/","title":{"rendered":"Training"},"content":{"rendered":"<div class=\"wpb-content-wrapper\"><p>[vc_row full_width_css=&#8221;stretch_row_css&#8221; css=&#8221;.vc_custom_1722241630921{padding-top: 55px !important;padding-bottom: 64px !important;background-color: #333f48 !important;}&#8221; conditional_render=&#8221;%5B%7B%22value_role%22%3A%22administrator%22%7D%5D&#8221;][vc_column width=&#8221;1\/2&#8243; text_align=&#8221;left&#8221; conditional_render=&#8221;%5B%7B%22value_role%22%3A%22administrator%22%7D%5D&#8221; css=&#8221;.vc_custom_1722241660280{padding-top: 40px !important;padding-right: 5% !important;padding-bottom: 40px !important;padding-left: 5% !important;background-color: #1e262d !important;}&#8221;][vc_column_text css=&#8221;&#8221;]<\/p>\n<div style=\"color: #fafafa;\">\n<h3 style=\"color: #fafafa;\">Ponemos a tu disposici\u00f3n este servio de formaci\u00f3n sobre &#8220;MANTENIMIENTO PREVENTIVO Y CORRECTIVO DE FILTROS DE MANGAS O CARTUCHOS&#8221;.<\/h3>\n<p><strong>OBJETIVO<\/strong><\/p>\n<p>Dotar al personal de producci\u00f3n y responsables de mantenimiento de los conocimientos y las herramientas necesarias para la resoluci\u00f3n de problem\u00e1ticas asociadas al mantenimiento preventivo y correctivo de los sistemas de filtraci\u00f3n industrial y realizaci\u00f3n correcta de estos procesos.<\/p>\n<p><strong>DIRIGIDO A<\/strong><\/p>\n<ul>\n<li>Responsables de mantenimiento<\/li>\n<li>Operarios en activo<\/li>\n<li>Operarios de nueva incorporaci\u00f3n<\/li>\n<\/ul>\n<p><strong>METODOLOG\u00cdA<\/strong><\/p>\n<ul>\n<li>Exposici\u00f3n te\u00f3rica y pr\u00e1ctica<\/li>\n<li>Estudio de casos<\/li>\n<li>An\u00e1lisis de experiencias de los asistentes<\/li>\n<li>Contenidos actualizados a la legislaci\u00f3n y normativas aplicables, y a las \u00faltimas innovaciones del sector<\/li>\n<\/ul>\n<p><strong>FORMATO<\/strong><\/p>\n<ul>\n<li>Personalizado, adaptado a las necesidades de la empresa y el perfil de los asistentes<\/li>\n<li>Activo, din\u00e1mico y participativo<\/li>\n<li>90 minutos, aproximadamente<\/li>\n<\/ul>\n<p><strong>CERTIFICADO<\/strong><\/p>\n<ul>\n<li>Emisi\u00f3n de certificado de asistencia y aprovechamiento.<\/li>\n<\/ul>\n<p><strong>FORMADOR\u00a0<\/strong><\/p>\n<ul>\n<li>M\u00f3nica Fern\u00e1ndez Gim\u00e9nez<\/li>\n<li>Sales Manager en ICT Filtration Group<\/li>\n<li>20 a\u00f1os de experiencia en soluciones para la filtraci\u00f3n industrial<\/li>\n<\/ul>\n<\/div>\n<p>[\/vc_column_text][\/vc_column][vc_column width=&#8221;1\/2&#8243; css=&#8221;.vc_custom_1722241731469{padding-top: 40px !important;padding-right: 5% !important;padding-bottom: 40px !important;padding-left: 5% !important;}&#8221; conditional_render=&#8221;%5B%7B%22value_role%22%3A%22administrator%22%7D%5D&#8221;][vc_column_text css=&#8221;.vc_custom_1722242036978{padding-bottom: 45px !important;}&#8221;]<\/p>\n<h3 style=\"color: #fafafa;\">Solicita informaci\u00f3 sin compromiso.<\/h3>\n<p><strong style=\"color: #fafafa;\">Tranquilo, a nosotros tampoco nos gusta el spam.<\/strong>[\/vc_column_text]\n<div class=\"wpcf7 no-js\" id=\"wpcf7-f11034-o1\" lang=\"\" dir=\"ltr\" data-wpcf7-id=\"11034\">\n<div class=\"screen-reader-response\"><p role=\"status\" aria-live=\"polite\" aria-atomic=\"true\"><\/p> <ul><\/ul><\/div>\n<form action=\"\/en\/wp-json\/wp\/v2\/pages\/11087#wpcf7-f11034-o1\" method=\"post\" class=\"wpcf7-form init\" aria-label=\"Contact form\" novalidate=\"novalidate\" data-status=\"init\">\n<fieldset class=\"hidden-fields-container\"><input type=\"hidden\" name=\"_wpcf7\" value=\"11034\" \/><input type=\"hidden\" name=\"_wpcf7_version\" value=\"6.1.5\" \/><input type=\"hidden\" name=\"_wpcf7_locale\" value=\"\" \/><input type=\"hidden\" name=\"_wpcf7_unit_tag\" value=\"wpcf7-f11034-o1\" \/><input type=\"hidden\" name=\"_wpcf7_container_post\" value=\"0\" \/><input type=\"hidden\" name=\"_wpcf7_posted_data_hash\" value=\"\" \/><input type=\"hidden\" name=\"_wpcf7_recaptcha_response\" value=\"\" \/>\n<\/fieldset>\n<div class=\"landing_form\">\n\n<div class=\"row\">\n    <div class=\"col-md-6\">\n<div class=\"form-group\"><label style=\"color:#EFEFEF;\"> Empresa *\n   <span class=\"wpcf7-form-control-wrap\" data-name=\"text-277\"><input size=\"40\" maxlength=\"400\" class=\"wpcf7-form-control wpcf7-text wpcf7-validates-as-required\" aria-required=\"true\" aria-invalid=\"false\" value=\"\" type=\"text\" name=\"text-277\" \/><\/span> <\/label><\/div><\/div>\n         <div class=\"col-md-6\"><div class=\"form-group\">\n<label style=\"color:#EFEFEF;\"> Nombre y apellidos *\n    <span class=\"wpcf7-form-control-wrap\" data-name=\"your-name\"><input size=\"40\" maxlength=\"400\" class=\"wpcf7-form-control wpcf7-text wpcf7-validates-as-required\" aria-required=\"true\" aria-invalid=\"false\" value=\"\" type=\"text\" name=\"your-name\" \/><\/span> <\/label><\/div><\/div><\/div>\n\n\n<div class=\"row\">\n<div class=\"col-md-6\">\n        <div class=\"form-group\"><label style=\"color:#EFEFEF;\"> Correo electr\u00f3nico *\n    <span class=\"wpcf7-form-control-wrap\" data-name=\"your-email\"><input size=\"40\" maxlength=\"400\" class=\"wpcf7-form-control wpcf7-email wpcf7-validates-as-required wpcf7-text wpcf7-validates-as-email\" aria-required=\"true\" aria-invalid=\"false\" value=\"\" type=\"email\" name=\"your-email\" \/><\/span> <\/label><\/div><\/div>\n<div class=\"col-md-6\">\n        <div class=\"form-group\"><label style=\"color:#EFEFEF;\"> Tel\u00e9fono *\n   <span class=\"wpcf7-form-control-wrap\" data-name=\"tel-188\"><input size=\"40\" maxlength=\"400\" class=\"wpcf7-form-control wpcf7-tel wpcf7-validates-as-required wpcf7-text wpcf7-validates-as-tel\" aria-required=\"true\" aria-invalid=\"false\" value=\"\" type=\"tel\" name=\"tel-188\" \/><\/span> <\/label><\/div><\/div><\/div>\n\n\n<div class=\"row\">\n    <div class=\"col-md-6\">\n        <div class=\"form-group\"><label style=\"color:#EFEFEF;\"> Pa\u00eds *\n    <span class=\"wpcf7-form-control-wrap\" data-name=\"text-198\"><input size=\"40\" maxlength=\"400\" class=\"wpcf7-form-control wpcf7-text wpcf7-validates-as-required\" aria-required=\"true\" aria-invalid=\"false\" value=\"\" type=\"text\" name=\"text-198\" \/><\/span><\/label><\/div><\/div>\n\n<div class=\"col-md-6\">\n        <div class=\"form-group\"><label style=\"color:#EFEFEF;\"> Provincia *\n    <span class=\"wpcf7-form-control-wrap\" data-name=\"text-841\"><input size=\"40\" maxlength=\"400\" class=\"wpcf7-form-control wpcf7-text wpcf7-validates-as-required\" aria-required=\"true\" aria-invalid=\"false\" value=\"\" type=\"text\" name=\"text-841\" \/><\/span><\/label><\/div><\/div><\/div>\n\n<div class=\"row\">\n<div class=\"col-md-6\">\n        <div class=\"form-group\"><label for=\"contact-email\" style=\"color:#EFEFEF;\">Poblaci\u00f3n *\n          <span class=\"wpcf7-form-control-wrap\" data-name=\"text-103\"><input size=\"40\" maxlength=\"400\" class=\"wpcf7-form-control wpcf7-text wpcf7-validates-as-required\" aria-required=\"true\" aria-invalid=\"false\" value=\"\" type=\"text\" name=\"text-103\" \/><\/span>  <\/label><\/div><\/div>\n\n\n<div class=\"col-md-6\">\n        <div class=\"form-group\"><label style=\"color:#EFEFEF;\"> C\u00f3digo Postal *\n   <span class=\"wpcf7-form-control-wrap\" data-name=\"text-570\"><input size=\"40\" maxlength=\"400\" class=\"wpcf7-form-control wpcf7-text wpcf7-validates-as-required\" aria-required=\"true\" aria-invalid=\"false\" value=\"\" type=\"text\" name=\"text-570\" \/><\/span><\/label><\/div><\/div>\n\n  \n<\/div>\n\n\n<span class=\"wpcf7-form-control-wrap\" data-name=\"acceptance-136\"><span class=\"wpcf7-form-control wpcf7-acceptance optional\"><span class=\"wpcf7-list-item\"><label><input type=\"checkbox\" name=\"acceptance-136\" value=\"1\" checked=\"checked\" aria-invalid=\"false\" \/><span class=\"wpcf7-list-item-label\"><span style=\"color:#EFEFEF;\">Acepto que me env\u00edes informaci\u00f3n comercial sobre productos\/servicios.<\/span><\/span><\/label><\/span><\/span><\/span>\n<span class=\"wpcf7-form-control-wrap\" data-name=\"acceptance-56\"><span class=\"wpcf7-form-control wpcf7-acceptance\"><span class=\"wpcf7-list-item\"><label><input type=\"checkbox\" name=\"acceptance-56\" value=\"1\" checked=\"checked\" aria-invalid=\"false\" \/><span class=\"wpcf7-list-item-label\"><span style=\"color:#EFEFEF;\">He le\u00eddo y acepto la <a href=\"http:\/\/ictfiltracion.com\/politica-de-privacidad\/\" target=\"_blank\">pol\u00edtica de privacidad<\/a>* <\/span><\/span><\/label><\/span><\/span><\/span>\n<br>\n\n<br>\n<input class=\"wpcf7-form-control wpcf7-submit has-spinner\" type=\"submit\" value=\"Enviar\" \/><\/div><input type='hidden' class='wpcf7-pum' value='{\"closepopup\":false,\"closedelay\":0,\"openpopup\":false,\"openpopup_id\":0}' \/><div class=\"wpcf7-response-output\" aria-hidden=\"true\"><\/div>\n<\/form>\n<\/div>\n[\/vc_column][\/vc_row]<\/p>\n<\/div>","protected":false},"excerpt":{"rendered":"<p>[vc_row full_width_css=&#8221;stretch_row_css&#8221; css=&#8221;.vc_custom_1722241630921{padding-top: 55px !important;padding-bottom: 64px !important;background-color: #333f48 !important;}&#8221; conditional_render=&#8221;%5B%7B%22value_role%22%3A%22administrator%22%7D%5D&#8221;][vc_column width=&#8221;1\/2&#8243; text_align=&#8221;left&#8221; conditional_render=&#8221;%5B%7B%22value_role%22%3A%22administrator%22%7D%5D&#8221; css=&#8221;.vc_custom_1722241660280{padding-top: 40px !important;padding-right: 5% !important;padding-bottom: 40px !important;padding-left: 5% !important;background-color: #1e262d !important;}&#8221;][vc_column_text css=&#8221;&#8221;] Ponemos a tu disposici\u00f3n este servio de formaci\u00f3n sobre &#8220;MANTENIMIENTO PREVENTIVO Y CORRECTIVO DE FILTROS DE MANGAS O CARTUCHOS&#8221;. OBJETIVO Dotar al personal de producci\u00f3n y responsables de mantenimiento de [&hellip;]<\/p>\n","protected":false},"author":13,"featured_media":0,"parent":0,"menu_order":0,"comment_status":"closed","ping_status":"closed","template":"","meta":{"footnotes":""},"class_list":["post-11087","page","type-page","status-publish","hentry"],"yoast_head":"<!-- This site is optimized with the Yoast SEO plugin v27.3 - https:\/\/yoast.com\/product\/yoast-seo-wordpress\/ -->\n<title>Training | ICT Filtration<\/title>\n<meta name=\"robots\" content=\"index, follow, max-snippet:-1, max-image-preview:large, max-video-preview:-1\" \/>\n<link rel=\"canonical\" href=\"https:\/\/www.ictfiltracion.com\/en\/formacion-mantenimiento-de-filtros-industriales\/\" \/>\n<meta property=\"og:locale\" content=\"en_US\" \/>\n<meta property=\"og:type\" content=\"article\" \/>\n<meta property=\"og:title\" content=\"Training | ICT Filtration\" \/>\n<meta property=\"og:description\" content=\"[vc_row full_width_css=&#8221;stretch_row_css&#8221; css=&#8221;.vc_custom_1722241630921{padding-top: 55px !important;padding-bottom: 64px !important;background-color: #333f48 !important;}&#8221; conditional_render=&#8221;%5B%7B%22value_role%22%3A%22administrator%22%7D%5D&#8221;][vc_column width=&#8221;1\/2&#8243; text_align=&#8221;left&#8221; conditional_render=&#8221;%5B%7B%22value_role%22%3A%22administrator%22%7D%5D&#8221; css=&#8221;.vc_custom_1722241660280{padding-top: 40px !important;padding-right: 5% !important;padding-bottom: 40px !important;padding-left: 5% !important;background-color: #1e262d !important;}&#8221;][vc_column_text css=&#8221;&#8221;] Ponemos a tu disposici\u00f3n este servio de formaci\u00f3n sobre &#8220;MANTENIMIENTO PREVENTIVO Y CORRECTIVO DE FILTROS DE MANGAS O CARTUCHOS&#8221;. OBJETIVO Dotar al personal de producci\u00f3n y responsables de mantenimiento de [&hellip;]\" \/>\n<meta property=\"og:url\" content=\"https:\/\/www.ictfiltracion.com\/en\/formacion-mantenimiento-de-filtros-industriales\/\" \/>\n<meta property=\"og:site_name\" content=\"ICT Filtration\" \/>\n<meta property=\"article:modified_time\" content=\"2024-07-29T11:54:59+00:00\" \/>\n<meta property=\"og:image\" content=\"https:\/\/www.ictfiltracion.com\/wp-content\/uploads\/LOGO-ICT-FILTRATION-GROUP.png\" \/>\n\t<meta property=\"og:image:width\" content=\"558\" \/>\n\t<meta property=\"og:image:height\" content=\"121\" \/>\n\t<meta property=\"og:image:type\" content=\"image\/png\" \/>\n<meta name=\"twitter:card\" content=\"summary_large_image\" \/>\n<meta name=\"twitter:label1\" content=\"Est. reading time\" \/>\n\t<meta name=\"twitter:data1\" content=\"1 minute\" \/>\n<script type=\"application\/ld+json\" class=\"yoast-schema-graph\">{\"@context\":\"https:\\\/\\\/schema.org\",\"@graph\":[{\"@type\":\"WebPage\",\"@id\":\"https:\\\/\\\/www.ictfiltracion.com\\\/en\\\/formacion-mantenimiento-de-filtros-industriales\\\/\",\"url\":\"https:\\\/\\\/www.ictfiltracion.com\\\/en\\\/formacion-mantenimiento-de-filtros-industriales\\\/\",\"name\":\"Training | ICT Filtration\",\"isPartOf\":{\"@id\":\"https:\\\/\\\/www.ictfiltracion.com\\\/#website\"},\"datePublished\":\"2024-07-29T08:20:46+00:00\",\"dateModified\":\"2024-07-29T11:54:59+00:00\",\"breadcrumb\":{\"@id\":\"https:\\\/\\\/www.ictfiltracion.com\\\/en\\\/formacion-mantenimiento-de-filtros-industriales\\\/#breadcrumb\"},\"inLanguage\":\"en-US\",\"potentialAction\":[{\"@type\":\"ReadAction\",\"target\":[\"https:\\\/\\\/www.ictfiltracion.com\\\/en\\\/formacion-mantenimiento-de-filtros-industriales\\\/\"]}]},{\"@type\":\"BreadcrumbList\",\"@id\":\"https:\\\/\\\/www.ictfiltracion.com\\\/en\\\/formacion-mantenimiento-de-filtros-industriales\\\/#breadcrumb\",\"itemListElement\":[{\"@type\":\"ListItem\",\"position\":1,\"name\":\"ICT Filtraci\u00f3n\",\"item\":\"https:\\\/\\\/www.ictfiltracion.com\\\/en\\\/\"},{\"@type\":\"ListItem\",\"position\":2,\"name\":\"Training\"}]},{\"@type\":\"WebSite\",\"@id\":\"https:\\\/\\\/www.ictfiltracion.com\\\/#website\",\"url\":\"https:\\\/\\\/www.ictfiltracion.com\\\/\",\"name\":\"ICT Filtraci\u00f3n\",\"description\":\"Soluciones para filtraci\u00f3n industrial\",\"potentialAction\":[{\"@type\":\"SearchAction\",\"target\":{\"@type\":\"EntryPoint\",\"urlTemplate\":\"https:\\\/\\\/www.ictfiltracion.com\\\/?s={search_term_string}\"},\"query-input\":{\"@type\":\"PropertyValueSpecification\",\"valueRequired\":true,\"valueName\":\"search_term_string\"}}],\"inLanguage\":\"en-US\"}]}<\/script>\n<!-- \/ Yoast SEO plugin. -->","yoast_head_json":{"title":"Training | ICT Filtration","robots":{"index":"index","follow":"follow","max-snippet":"max-snippet:-1","max-image-preview":"max-image-preview:large","max-video-preview":"max-video-preview:-1"},"canonical":"https:\/\/www.ictfiltracion.com\/en\/formacion-mantenimiento-de-filtros-industriales\/","og_locale":"en_US","og_type":"article","og_title":"Training | ICT Filtration","og_description":"[vc_row full_width_css=&#8221;stretch_row_css&#8221; css=&#8221;.vc_custom_1722241630921{padding-top: 55px !important;padding-bottom: 64px !important;background-color: #333f48 !important;}&#8221; conditional_render=&#8221;%5B%7B%22value_role%22%3A%22administrator%22%7D%5D&#8221;][vc_column width=&#8221;1\/2&#8243; text_align=&#8221;left&#8221; conditional_render=&#8221;%5B%7B%22value_role%22%3A%22administrator%22%7D%5D&#8221; css=&#8221;.vc_custom_1722241660280{padding-top: 40px !important;padding-right: 5% !important;padding-bottom: 40px !important;padding-left: 5% !important;background-color: #1e262d !important;}&#8221;][vc_column_text css=&#8221;&#8221;] Ponemos a tu disposici\u00f3n este servio de formaci\u00f3n sobre &#8220;MANTENIMIENTO PREVENTIVO Y CORRECTIVO DE FILTROS DE MANGAS O CARTUCHOS&#8221;. OBJETIVO Dotar al personal de producci\u00f3n y responsables de mantenimiento de [&hellip;]","og_url":"https:\/\/www.ictfiltracion.com\/en\/formacion-mantenimiento-de-filtros-industriales\/","og_site_name":"ICT Filtration","article_modified_time":"2024-07-29T11:54:59+00:00","og_image":[{"width":558,"height":121,"url":"https:\/\/www.ictfiltracion.com\/wp-content\/uploads\/LOGO-ICT-FILTRATION-GROUP.png","type":"image\/png"}],"twitter_card":"summary_large_image","twitter_misc":{"Est. reading time":"1 minute"},"schema":{"@context":"https:\/\/schema.org","@graph":[{"@type":"WebPage","@id":"https:\/\/www.ictfiltracion.com\/en\/formacion-mantenimiento-de-filtros-industriales\/","url":"https:\/\/www.ictfiltracion.com\/en\/formacion-mantenimiento-de-filtros-industriales\/","name":"Training | ICT Filtration","isPartOf":{"@id":"https:\/\/www.ictfiltracion.com\/#website"},"datePublished":"2024-07-29T08:20:46+00:00","dateModified":"2024-07-29T11:54:59+00:00","breadcrumb":{"@id":"https:\/\/www.ictfiltracion.com\/en\/formacion-mantenimiento-de-filtros-industriales\/#breadcrumb"},"inLanguage":"en-US","potentialAction":[{"@type":"ReadAction","target":["https:\/\/www.ictfiltracion.com\/en\/formacion-mantenimiento-de-filtros-industriales\/"]}]},{"@type":"BreadcrumbList","@id":"https:\/\/www.ictfiltracion.com\/en\/formacion-mantenimiento-de-filtros-industriales\/#breadcrumb","itemListElement":[{"@type":"ListItem","position":1,"name":"ICT Filtraci\u00f3n","item":"https:\/\/www.ictfiltracion.com\/en\/"},{"@type":"ListItem","position":2,"name":"Training"}]},{"@type":"WebSite","@id":"https:\/\/www.ictfiltracion.com\/#website","url":"https:\/\/www.ictfiltracion.com\/","name":"ICT Filtraci\u00f3n","description":"Soluciones para filtraci\u00f3n industrial","potentialAction":[{"@type":"SearchAction","target":{"@type":"EntryPoint","urlTemplate":"https:\/\/www.ictfiltracion.com\/?s={search_term_string}"},"query-input":{"@type":"PropertyValueSpecification","valueRequired":true,"valueName":"search_term_string"}}],"inLanguage":"en-US"}]}},"_links":{"self":[{"href":"https:\/\/www.ictfiltracion.com\/en\/wp-json\/wp\/v2\/pages\/11087","targetHints":{"allow":["GET"]}}],"collection":[{"href":"https:\/\/www.ictfiltracion.com\/en\/wp-json\/wp\/v2\/pages"}],"about":[{"href":"https:\/\/www.ictfiltracion.com\/en\/wp-json\/wp\/v2\/types\/page"}],"author":[{"embeddable":true,"href":"https:\/\/www.ictfiltracion.com\/en\/wp-json\/wp\/v2\/users\/13"}],"replies":[{"embeddable":true,"href":"https:\/\/www.ictfiltracion.com\/en\/wp-json\/wp\/v2\/comments?post=11087"}],"version-history":[{"count":1,"href":"https:\/\/www.ictfiltracion.com\/en\/wp-json\/wp\/v2\/pages\/11087\/revisions"}],"predecessor-version":[{"id":11090,"href":"https:\/\/www.ictfiltracion.com\/en\/wp-json\/wp\/v2\/pages\/11087\/revisions\/11090"}],"wp:attachment":[{"href":"https:\/\/www.ictfiltracion.com\/en\/wp-json\/wp\/v2\/media?parent=11087"}],"curies":[{"name":"wp","href":"https:\/\/api.w.org\/{rel}","templated":true}]}}